{"id":13,"date":"2019-08-26T18:35:27","date_gmt":"2019-08-26T18:35:27","guid":{"rendered":"http:\/\/asv-brackel.de\/?page_id=13"},"modified":"2024-04-25T10:47:01","modified_gmt":"2024-04-25T10:47:01","slug":"gewaesser","status":"publish","type":"page","link":"https:\/\/asv-brackel.de\/?page_id=13","title":{"rendered":"Gew\u00e4sserordnung"},"content":{"rendered":"\n<h1><\/h1>\n\n\n\n<p><span style=\"font-family: arial,helvetica,sans-serif;\"><br><\/span><\/p>\n\n\n\n<p>Seite 1 von 2<\/p>\n\n\n\n<figure class=\"wp-block-image\"><img decoding=\"async\" src=\"\" alt=\"\"\/><\/figure>\n\n\n\n<div class=\"is-vertical is-layout-flex wp-container-1 wp-block-group\">\n<p><strong>GEW\u00c4SSERORDNUNG 2024 I<\/strong><\/p>\n\n\n\n<p><strong>Vereinsgew\u00e4sser \u201eLinningsee\u201c in Lette, Letter Bruchstra\u00dfe<\/strong><\/p>\n\n\n\n<p><strong>Die Gew\u00e4sserordnung g\u00fcltig ab dem 22.03.2024 ist unbedingt einzuhalten, sowie die Bestimmung der Landesfischereiverordnung<\/strong>.<\/p>\n\n\n\n<p>Jedes aktive Mitglied darf \u201eeinen\u201c angelnden Gast mitnehmen. Die Vereinsmitglieder sind f\u00fcr Ihren Gast verantwortlich und haben diesen \u00fcber die Gew\u00e4sserordnung aufzukl\u00e4ren.<\/p>\n\n\n\n<p>Jeder Gastangler muss im Besitz eines g\u00fcltigen Fischereischeins sein und darf nur mit <strong>2 Angelruten<\/strong> angeln!<\/p>\n\n\n\n<p><strong>Die Gastkarte gilt von 0-24 Uhr und kostet 10 Euro pro Tag und ist nur in der Gesch\u00e4ftsstelle bei Angler`s Point,Derner Str.84,44532 L\u00fcnen erh\u00e4ltlich.<\/strong><\/p>\n\n\n\n<p><strong>Diese kann nur von aktiven Mitgliedern erworben werden!Die Gastkarte muss vor Beginn des Angelns in den Briefkasten in der Vereinsh\u00fctte eingeworfen werden.<\/strong><\/p>\n\n\n\n<p><strong>Das Vereinsheim und die Angelpl\u00e4tze sind peinlich sauber zu halten<\/strong>. Das Vereinsheim soll der Allgemeinheit zur Nutzung dienen,<strong>gegenseitige R\u00fccksichtnahme ist eine Selbstverst\u00e4ndlichkeit<\/strong>. Den Anordnungen der Fischereiaufseher ist Folge zu leisten. Fangger\u00e4te und gefangene Fische sind auf Verlangen vorzuzeigen. <strong>K\u00f6derfische d\u00fcrfen nicht mitgebracht werden<\/strong>, das Angeln mit k\u00fcnstlichen K\u00f6dern ist erlaubt. Eisangeln und Betreten der Fl\u00e4che ist nicht erlaubt. <strong>Mindestma\u00dfe, Schonzeiten und Entnahmemengen sind einzuhalten<\/strong>(siehe Tabelle).Das Angeln vom Boot aus ist vom 01.05.-31.10. erlaubt. Der kleine See darf nicht befahren werden (siehe Zeichnung Vereinsheim). <strong>Bootsangler haben R\u00fccksicht auf Uferangler zu nehmen.Es d\u00fcrfen nur Ruderboote benutzt werden.<\/strong><\/p>\n\n\n\n<p><strong>Futterboote sind ganzj\u00e4hrig erlaubt,auch im kleinen See.<\/strong><\/p>\n\n\n\n<p><strong>Ausgenommen ist das gekennzeichnete Schongebiet!<\/strong><\/p>\n\n\n\n<figure class=\"wp-block-table\"><table><tbody><tr><td><strong>Fischart<\/strong><\/td><td><strong>Mindestma\u00dfe<\/strong><\/td><td><strong>Schonzeiten<\/strong><\/td><td><strong>Entnahmemenge<\/strong><\/td><\/tr><tr><td>Aal<\/td><td>45 cm<\/td><td>keine<\/td><td>1 St\u00fcck pro Tag<\/td><\/tr><tr><td>Brasse<\/td><td>55 cm<\/td><td>keine<\/td><td>1 St\u00fcck pro Tag<\/td><\/tr><tr><td>Forelle<\/td><td>25 cm<\/td><td>keine<\/td><td>3 St\u00fcck pro Tag<\/td><\/tr><tr><td>Hecht<\/td><td>45 cm<\/td><td>15.02 bis 30.04.<\/td><td>1 St\u00fcck pro Tag<\/td><\/tr><tr><td>St\u00f6r (Zucht)<\/td><td>Ganzj\u00e4hrig<\/td><td>geschont<\/td><td>&#8212;&#8212;&#8212;&#8212;&#8212;&#8212;&#8212;-<\/td><\/tr><tr><td>Rotauge\/Rotfeder<\/td><td>30 cm<\/td><td>keine<\/td><td>3 St\u00fcck pro Tag<\/td><\/tr><tr><td>Karausche<\/td><td>Ganzj\u00e4hrig<\/td><td>geschont<\/td><td>&#8212;&#8212;&#8212;&#8212;&#8212;&#8212;&#8212;-<\/td><\/tr><tr><td>Schuppen\/Spiegelkarpfen<\/td><td>35 cm<\/td><td>keine<\/td><td>1 St\u00fcck pro Tag<\/td><\/tr><tr><td>Graskarpfen<\/td><td>Ganzj\u00e4hrig<\/td><td>geschont<\/td><td>&#8212;&#8212;&#8212;&#8212;&#8212;&#8212;&#8212;<\/td><\/tr><tr><td>Schleie<\/td><td>35 cm<\/td><td>keine<\/td><td>1 St\u00fcck pro Tag<\/td><\/tr><tr><td>Wels<\/td><td>bis 1m kann entnommen werden<\/td><td>\u00fcber 1m zur\u00fccksetzen sind ganzj\u00e4hrig geschont<\/td><td>1 St\u00fcck pro Tag<\/td><\/tr><tr><td>Zander<\/td><td>55cm<\/td><td>15.02 bis 01.06<\/td><td>1 St\u00fcck pro Tag<\/td><\/tr><tr><td>Barsch<\/td><td>20cm<\/td><td>keine<\/td><td>2 St\u00fcck pro Tag<\/td><\/tr><tr><td>Giebel<\/td><td>35cm<\/td><td>keine<\/td><td>1 St\u00fcck pro Tag<\/td><\/tr><\/tbody><\/table><\/figure>\n\n\n\n<p>Seite 2 von 2<\/p>\n\n\n\n<p><strong>Als Fangger\u00e4te sind erlaubt<\/strong><\/p>\n\n\n\n<p>3 Angelruten mit jeweils einem Hakensystem<\/p>\n\n\n\n<p>Bei der Aus\u00fcbung der Fischerei hat sich der Angler in <strong>unmittelbarer<\/strong> N\u00e4he zum Angelplatz aufzuhalten, auch mit Bissanzeiger. Angelpl\u00e4tze nur belegen, wenn tats\u00e4chlich geangelt wird. Beim Verlassen des Angelplatzes sind die Ruten einzuholen und ab zu k\u00f6dern. Gilt auch f\u00fcr ausgehangene Vorf\u00e4cher. Gefahr der Aufnahme durch V\u00f6gel. Schnurreste sind zu entsorgen. Die Fischerei nur auf den vorgegebenen Angelpl\u00e4tzen aus\u00fcben.<\/p>\n\n\n\n<p>Bei Betreten der Anlage Schloss bitte im Schlagbaum einrasten und den Schlagbaum wieder schlie\u00dfen! Bitte in Schrittgeschwindigkeit das Seegrundst\u00fcck befahren.<\/p>\n\n\n\n<p><strong>Bei Ankunft und Abfahrt hat sich jedes Mitglied<\/strong><strong>in das ausliegende Buch in der H\u00fctte einzutragen!<\/strong><\/p>\n\n\n\n<p><strong>Offene Feuerstellen am See sind nur mit einer vorgesehenen Feuerschale auf der oberen gro\u00dfen Wiese erlaubt.Alle Brandr\u00fcckst\u00e4nde sind zu entfernen!Grillen ist erlaubt.<\/strong><\/p>\n\n\n\n<p>Die H\u00fctte bitte immer sauber verlassen,Ofen reinigen,Holz auff\u00fcllen und <strong>M\u00fcll mitnehmen.<\/strong><\/p>\n\n\n\n<p><strong>Vor Gemeinschaftsangeln (Hegefischen) sind die Angelpl\u00e4tze vor Beginn sofort zu r\u00e4umen.<\/strong><\/p>\n\n\n\n<p>Passive Mitglieder mit g\u00fcltigem Fischereischein d\u00fcrfen nur mit einem aktiven Mitglied plus Tageskarte angeln.Der Vorstand beh\u00e4lt sich das Recht vor im Einzelfall keine Gastkarte auszustellen.<\/p>\n\n\n\n<p>Arbeitsstunden: \u00dcber eine etwaige Befreiung entscheidet im Einzelfall der Vorstand.<\/p>\n\n\n\n<p>F\u00fcr die Arbeitseins\u00e4tze zwecks Teilnahme bitte telefonisch beim Arbeitswart anmelden!<\/p>\n\n\n\n<p>Pro Mitglied sind 10 Arbeitsstunden pro Jahr zu leisten. Termine siehe Jahresliste.<\/p>\n\n\n\n<p><strong>Nicht geleistete Stunden werden mit 20\u20ac pro Stunde berechnet<\/strong>.<\/p>\n\n\n\n<p>Altersbedingt ab 65 Jahre 5Std., ab 70 Jahre 0 Std.<\/p>\n\n\n\n<p>Wohnwagen und Wohnmobile auf der oberen gro\u00dfen Wiese parken. Kleine Vorzelte sind erlaubt. In den Abend und Nachtstunden <strong>ruhig<\/strong> verhalten.Hunde sind generell an der Leine zu halten und d\u00fcrfen den Angler nicht st\u00f6ren.Wenn das Dixi voll ist, umgehend den Arbeitswart oder den Vorstand informieren!<\/p>\n\n\n\n<p>Ab sofort hat jeder Angler folgende Ausr\u00fcstung mitzuf\u00fchren und zu verwenden: Eine gut gepolsterte Abhakmatte mit einem Mindestma\u00df von120cm. Einen Unterfangkescher in der Gr\u00f6\u00dfe von mindestens 40 Zoll. Des Weiteren ist eine gro\u00dfe\/ lange L\u00f6sezange \/ Hakenl\u00f6ser mitzuf\u00fchren bzw. zu verwenden. Eine Nichtbeachtung dieser Vorgaben f\u00fchren im Jahr 2024 zur m\u00fcndlichen Verwarnung. Ab 2025 wird dieses zur Pflicht f\u00fcr jeden Angler. Bei Nichtbeachtung dieser Vorgaben beh\u00e4lt sich der Verein weitere Schritte vor.<strong>(Versammlungsbeschluss vom 22.03.2024)<\/strong><\/p>\n\n\n\n<p><strong>Verst\u00f6\u00dfe gegen die Gew\u00e4sserordnung werden vom Vereinsvorstand geahndet<\/strong>.<\/p>\n\n\n\n<p><strong>Aufsichtspflicht:Unbedingt einzuhalten ist:<\/strong><\/p>\n\n\n\n<p>1)Schwimmwestenpflicht f\u00fcr Kinder auf Booten 2)Kinder d\u00fcrfen am See nicht unbeaufsichtigt sein<\/p>\n\n\n\n<p>S\u00e4mtliche Veranstaltungen wie Angeltermine,Arbeitseins\u00e4tze,Gew\u00e4sserordnung.Satzung etc.<\/p>\n\n\n\n<p>sind auf unserer Homepage <a href=\"http:\/\/www.asv-brackel.de\/\"><strong>www.asv-brackel.de<\/strong><\/a> nachzulesen.<\/p>\n\n\n\n<p><strong>Bei Fischbesatzma\u00dfnahmen ist der See f\u00fcr 10 Tage gesperrt<\/strong>. <\/p>\n\n\n\n<p>Der Vorstand<\/p>\n<\/div>\n","protected":false},"excerpt":{"rendered":"<p>Seite 1 von 2 GEW\u00c4SSERORDNUNG 2024 I Vereinsgew\u00e4sser \u201eLinningsee\u201c in [&hellip;]<\/p>\n","protected":false},"author":1,"featured_media":0,"parent":0,"menu_order":0,"comment_status":"closed","ping_status":"closed","template":"","meta":[],"_links":{"self":[{"href":"https:\/\/asv-brackel.de\/index.php?rest_route=\/wp\/v2\/pages\/13"}],"collection":[{"href":"https:\/\/asv-brackel.de\/index.php?rest_route=\/wp\/v2\/pages"}],"about":[{"href":"https:\/\/asv-brackel.de\/index.php?rest_route=\/wp\/v2\/types\/page"}],"author":[{"embeddable":true,"href":"https:\/\/asv-brackel.de\/index.php?rest_route=\/wp\/v2\/users\/1"}],"replies":[{"embeddable":true,"href":"https:\/\/asv-brackel.de\/index.php?rest_route=%2Fwp%2Fv2%2Fcomments&post=13"}],"version-history":[{"count":8,"href":"https:\/\/asv-brackel.de\/index.php?rest_route=\/wp\/v2\/pages\/13\/revisions"}],"predecessor-version":[{"id":304,"href":"https:\/\/asv-brackel.de\/index.php?rest_route=\/wp\/v2\/pages\/13\/revisions\/304"}],"wp:attachment":[{"href":"https:\/\/asv-brackel.de\/index.php?rest_route=%2Fwp%2Fv2%2Fmedia&parent=13"}],"curies":[{"name":"wp","href":"https:\/\/api.w.org\/{rel}","templated":true}]}}