{"id":35,"date":"2019-08-26T19:17:31","date_gmt":"2019-08-26T19:17:31","guid":{"rendered":"http:\/\/asv-brackel.de\/?page_id=35"},"modified":"2026-01-30T10:21:08","modified_gmt":"2026-01-30T10:21:08","slug":"ueber-uns","status":"publish","type":"page","link":"https:\/\/asv-brackel.de\/","title":{"rendered":"\u00dcber uns"},"content":{"rendered":"<div class=\"fusion-fullwidth fullwidth-box fusion-builder-row-1 nonhundred-percent-fullwidth non-hundred-percent-height-scrolling\"  style='background-color: rgba(255,255,255,0);background-position: center center;background-repeat: no-repeat;padding-top:0px;padding-right:0px;padding-bottom:0px;padding-left:0px;'><div class=\"fusion-builder-row fusion-row \"><div  class=\"fusion-layout-column fusion_builder_column fusion_builder_column_1_1 fusion-builder-column-1 fusion-one-full fusion-column-first fusion-column-last 1_1\"  style='margin-top:6px;margin-bottom:0px;'>\n\t\t\t\t\t<div class=\"fusion-column-wrapper\" style=\"padding: 0px 0px 0px 0px;background-position:left top;background-repeat:no-repeat;-webkit-background-size:cover;-moz-background-size:cover;-o-background-size:cover;background-size:cover;\"   data-bg-url=\"\">\n\t\t\t\t\t\t<div class=\"fusion-text\"><\/p>\n<h1><span style=\"color: #000000;\">ASV Petri Heil Dortmund-Brackel 1978 e.V. <\/span><\/h1>\n<h1><span style=\"color: #000000;\"><strong>Termine 2026 sind online!<\/strong><\/span><\/h1>\n<p>\u00a0<\/p>\n<div>\n<h2><span style=\"color: #000000;\"><b>Hallo Angelfreunde,<\/b><\/span><\/h2>\n<h2><span style=\"color: #000000;\"><b>der Vorstand w\u00fcnscht Euch ein erfolgreiches und sch\u00f6nes Angeljahr!<\/b><\/span><\/h2>\n<h2><span style=\"color: #000000;\"><b>Auch in diesem Jahr m\u00fcssen wir unsere Arbeitseins\u00e4tze durchf\u00fchren!<\/b><\/span><\/h2>\n<h2><span style=\"color: #000000;\"><b>Dieses Jahr m\u00fcssen wieder nur <span style=\"color: #ff0000;\">10 Arbeitsstunden<\/span> pro Mitglied geleistet werden!<\/b><\/span><\/h2>\n<h2><span style=\"color: #000000;\"><b>Hierf\u00fcr haben wir 4 Termine ausgew\u00e4hlt!<\/b><\/span><\/h2>\n<h2>\u00a0<\/h2>\n<h2><span style=\"color: #000000;\"><b><span style=\"color: #ff0000;\">Die Termine f\u00fcr 2026<\/span><\/b><\/span><\/h2>\n<table style=\"height: 355px;\" border=\"0\" width=\"1233\" cellspacing=\"0\">\n<colgroup width=\"113\"><\/colgroup>\n<colgroup width=\"79\"><\/colgroup>\n<colgroup width=\"116\"><\/colgroup>\n<colgroup span=\"6\" width=\"79\"><\/colgroup>\n<colgroup width=\"138\"><\/colgroup>\n<tbody>\n<tr>\n<td align=\"left\" valign=\"bottom\" height=\"18\">\n<h2><span style=\"color: #0000ff;\"><b>Termin<\/b><\/span><\/h2>\n<\/td>\n<td align=\"left\" valign=\"bottom\">\n<h2><span style=\"color: #0000ff;\"><b>Ort<\/b><\/span><\/h2>\n<\/td>\n<td align=\"left\" valign=\"bottom\"><b><span style=\"color: #000000;\">\u00a0<\/span><\/b><\/td>\n<td align=\"left\" valign=\"bottom\">\n<h2><span style=\"color: #0000ff;\"><b>Was<\/b><\/span><\/h2>\n<\/td>\n<td align=\"left\" valign=\"bottom\">\u00a0<\/td>\n<td align=\"left\" valign=\"bottom\"><b><span style=\"color: #000000;\">\u00a0<\/span><\/b><\/td>\n<td align=\"left\" valign=\"bottom\"><b><span style=\"color: #000000;\">\u00a0<\/span><\/b><\/td>\n<td align=\"left\" valign=\"bottom\"><b><span style=\"color: #000000;\">\u00a0<\/span><\/b><\/td>\n<td align=\"center\" valign=\"bottom\">\n<h2><span style=\"color: #0000ff;\"><b>Treffen<\/b><\/span><\/h2>\n<\/td>\n<td align=\"center\" valign=\"bottom\">\n<h2>\u00a0<\/h2>\n<\/td>\n<\/tr>\n<tr>\n<td style=\"text-align: center;\" align=\"right\" valign=\"bottom\" height=\"18\">\n<h2><span style=\"color: #000000;\">27.02.2026<\/span><\/h2>\n<\/td>\n<td style=\"text-align: center;\" align=\"left\" valign=\"bottom\">\n<h2><span style=\"color: #000000;\">Vereinslokal <\/span><\/h2>\n<\/td>\n<td align=\"left\" valign=\"bottom\">\n<h3><span style=\"color: #000000;\">Derner Str.86 44532 L\u00fcnen<\/span><\/h3>\n<\/td>\n<td align=\"left\" valign=\"bottom\">\n<h2><strong><span style=\"color: #000000;\">Jahreshauptversammlung<\/span><\/strong><\/h2>\n<\/td>\n<td align=\"left\" valign=\"bottom\">\u00a0<\/td>\n<td align=\"left\" valign=\"bottom\"><span style=\"color: #000000;\">\u00a0<\/span><\/td>\n<td align=\"left\" valign=\"bottom\"><span style=\"color: #000000;\">\u00a0<\/span><\/td>\n<td align=\"left\" valign=\"bottom\"><span style=\"color: #000000;\">\u00a0<\/span><\/td>\n<td align=\"center\" valign=\"bottom\">\n<h2><span style=\"color: #000000;\">19.30Uhr<\/span><\/h2>\n<\/td>\n<td align=\"left\" valign=\"bottom\"><span style=\"color: #000000;\">\u00a0<\/span><\/td>\n<\/tr>\n<tr>\n<td align=\"right\" valign=\"bottom\" height=\"25\"><span style=\"color: #000000;\">\u00a0<\/span><\/td>\n<td style=\"text-align: center;\" align=\"left\" valign=\"bottom\">\n<h3>\u00a0<\/h3>\n<\/td>\n<td align=\"left\" valign=\"bottom\"><span style=\"color: #000000;\">\u00a0<\/span><\/td>\n<td align=\"left\" valign=\"bottom\">\n<h2><span style=\"color: #ff0000;\"><b>Pflichtveranstaltung!!<\/b><\/span><\/h2>\n<\/td>\n<td align=\"left\" valign=\"bottom\">\u00a0<\/td>\n<td align=\"left\" valign=\"bottom\">\u00a0<\/td>\n<td align=\"left\" valign=\"bottom\"><span style=\"color: #000000;\">\u00a0<\/span><\/td>\n<td align=\"left\" valign=\"bottom\"><span style=\"color: #000000;\">\u00a0<\/span><\/td>\n<td align=\"center\" valign=\"bottom\"><span style=\"color: #000000;\">\u00a0<\/span><\/td>\n<td align=\"left\" valign=\"bottom\"><span style=\"color: #000000;\">\u00a0<\/span><\/td>\n<\/tr>\n<tr>\n<td style=\"text-align: center;\" align=\"right\" valign=\"bottom\" height=\"25\">\n<h2><span style=\"color: #000000;\">07.03.2026<\/span><\/h2>\n<\/td>\n<td style=\"text-align: center;\" align=\"left\" valign=\"bottom\">\n<h2><span style=\"color: #000000;\">Linningsee<\/span><\/h2>\n<\/td>\n<td align=\"left\" valign=\"bottom\">\u00a0<\/td>\n<td align=\"left\" valign=\"bottom\">\n<h2><span style=\"color: #000000;\">Arbeitseinsatz<\/span><\/h2>\n<\/td>\n<td align=\"left\" valign=\"bottom\">\u00a0<\/td>\n<td align=\"left\" valign=\"bottom\">\u00a0<\/td>\n<td align=\"left\" valign=\"bottom\">\u00a0<\/td>\n<td align=\"left\" valign=\"bottom\">\u00a0<\/td>\n<td align=\"center\" valign=\"bottom\">\n<h2><span style=\"color: #000000;\">08.00Uhr<\/span><\/h2>\n<\/td>\n<td align=\"center\" valign=\"bottom\">\u00a0<\/td>\n<\/tr>\n<tr>\n<td style=\"text-align: center;\" align=\"right\" valign=\"bottom\" height=\"25\">\n<h2><span style=\"color: #000000;\">23.05.2026<\/span><\/h2>\n<\/td>\n<td style=\"text-align: center;\" align=\"left\" valign=\"bottom\">\n<h2><span style=\"color: #000000;\">Linningsee<\/span><\/h2>\n<p>\u00a0<\/td>\n<td align=\"left\" valign=\"bottom\">\u00a0<\/td>\n<td align=\"left\" valign=\"bottom\">\n<h2><span style=\"color: #000000;\">Arbeitseinsatz<\/span><\/h2>\n<\/td>\n<td align=\"left\" valign=\"bottom\">\u00a0<\/td>\n<td align=\"left\" valign=\"bottom\">\u00a0<\/td>\n<td align=\"left\" valign=\"bottom\">\u00a0<\/td>\n<td align=\"left\" valign=\"bottom\">\u00a0<\/td>\n<td align=\"center\" valign=\"bottom\">\n<h2><span style=\"color: #000000;\">08.00Uhr<\/span><\/h2>\n<p>\u00a0<\/td>\n<td align=\"center\" valign=\"bottom\"><span style=\"color: #000000;\">\u00a0<\/span><\/td>\n<\/tr>\n<tr>\n<td style=\"text-align: center;\" align=\"right\" valign=\"bottom\" height=\"25\">\n<h2><span style=\"color: #000000;\">18.07.2026<\/span><\/h2>\n<\/td>\n<td style=\"text-align: center;\" align=\"left\" valign=\"bottom\">\n<h2><span style=\"color: #000000;\">Linningsee<\/span><\/h2>\n<\/td>\n<td align=\"left\" valign=\"bottom\">\u00a0<\/td>\n<td align=\"left\" valign=\"bottom\">\n<h2><span style=\"color: #000000;\">Arbeitseinsatz<\/span><\/h2>\n<\/td>\n<td align=\"left\" valign=\"bottom\">\u00a0<\/td>\n<td align=\"left\" valign=\"bottom\">\u00a0<\/td>\n<td align=\"left\" valign=\"bottom\">\u00a0<\/td>\n<td align=\"left\" valign=\"bottom\">\u00a0<\/td>\n<td align=\"center\" valign=\"bottom\">\n<h2><span style=\"color: #000000;\">08.00Uhr<\/span><\/h2>\n<\/td>\n<td align=\"center\" valign=\"bottom\"><span style=\"color: #000000;\">\u00a0<\/span><\/td>\n<\/tr>\n<tr>\n<td style=\"text-align: center;\" align=\"right\" valign=\"bottom\" height=\"25\">\n<h2><span style=\"color: #000000;\">24.10.2026<\/span><\/h2>\n<\/td>\n<td style=\"text-align: center;\" align=\"left\" valign=\"bottom\">\n<h2><span style=\"color: #000000;\">Linningsee<\/span><\/h2>\n<\/td>\n<td align=\"left\" valign=\"bottom\">\u00a0<\/td>\n<td align=\"left\" valign=\"bottom\">\n<h2><span style=\"color: #000000;\">Arbeitseinsatz<\/span><\/h2>\n<\/td>\n<td align=\"left\" valign=\"bottom\">\u00a0<\/td>\n<td align=\"left\" valign=\"bottom\">\u00a0<\/td>\n<td align=\"left\" valign=\"bottom\">\u00a0<\/td>\n<td align=\"left\" valign=\"bottom\">\u00a0<\/td>\n<td align=\"center\" valign=\"bottom\">\n<h2><span style=\"color: #000000;\">08.00Uhr<\/span><\/h2>\n<p>\u00a0<\/td>\n<td align=\"center\" valign=\"bottom\">\u00a0<\/td>\n<\/tr>\n<tr>\n<td style=\"text-align: center;\" align=\"right\" valign=\"bottom\" height=\"25\">\u00a0<\/td>\n<td style=\"text-align: center;\" align=\"left\" valign=\"bottom\">\u00a0<\/td>\n<td align=\"left\" valign=\"bottom\">\u00a0<\/td>\n<td align=\"left\" valign=\"bottom\">\u00a0<\/td>\n<td align=\"left\" valign=\"bottom\">\u00a0<\/td>\n<td align=\"left\" valign=\"bottom\">\u00a0<\/td>\n<td align=\"left\" valign=\"bottom\">\u00a0<\/td>\n<td align=\"left\" valign=\"bottom\">\u00a0<\/td>\n<td align=\"center\" valign=\"bottom\">\u00a0<\/td>\n<td align=\"center\" valign=\"bottom\">\u00a0<\/td>\n<\/tr>\n<tr>\n<td style=\"text-align: center;\" align=\"right\" valign=\"bottom\" height=\"25\">\u00a0<\/td>\n<td style=\"text-align: center;\" align=\"left\" valign=\"bottom\">\u00a0<\/td>\n<td align=\"left\" valign=\"bottom\">\u00a0<\/td>\n<td align=\"left\" valign=\"bottom\">\u00a0<\/td>\n<td align=\"left\" valign=\"bottom\">\u00a0<\/td>\n<td align=\"left\" valign=\"bottom\">\u00a0<\/td>\n<td align=\"left\" valign=\"bottom\">\u00a0<\/td>\n<td align=\"left\" valign=\"bottom\">\u00a0<\/td>\n<td align=\"center\" valign=\"bottom\">\u00a0<\/td>\n<td align=\"center\" valign=\"bottom\">\u00a0<\/td>\n<\/tr>\n<tr>\n<td style=\"text-align: center;\" align=\"right\" valign=\"bottom\" height=\"25\">\u00a0<\/td>\n<td style=\"text-align: center;\" align=\"left\" valign=\"bottom\">\u00a0<\/td>\n<td align=\"left\" valign=\"bottom\">\u00a0<\/td>\n<td align=\"left\" valign=\"bottom\">\u00a0<\/td>\n<td align=\"left\" valign=\"bottom\">\u00a0<\/td>\n<td align=\"left\" valign=\"bottom\">\u00a0<\/td>\n<td align=\"left\" valign=\"bottom\">\u00a0<\/td>\n<td align=\"left\" valign=\"bottom\">\u00a0<\/td>\n<td align=\"center\" valign=\"bottom\">\u00a0<\/td>\n<td align=\"center\" valign=\"bottom\">\u00a0<\/td>\n<\/tr>\n<tr>\n<td style=\"text-align: center;\" align=\"right\" valign=\"bottom\" height=\"25\">\u00a0<\/td>\n<td style=\"text-align: center;\" align=\"left\" valign=\"bottom\">\u00a0<\/td>\n<td align=\"left\" valign=\"bottom\">\u00a0<\/td>\n<td align=\"left\" valign=\"bottom\">\u00a0<\/td>\n<td align=\"left\" valign=\"bottom\">\u00a0<\/td>\n<td align=\"left\" valign=\"bottom\">\u00a0<\/td>\n<td align=\"left\" valign=\"bottom\">\u00a0<\/td>\n<td align=\"left\" valign=\"bottom\">\u00a0<\/td>\n<td align=\"center\" valign=\"bottom\">\u00a0<\/td>\n<td align=\"center\" valign=\"bottom\">\u00a0<\/td>\n<\/tr>\n<\/tbody>\n<\/table>\n<h2 align=\"left\"><strong><span style=\"color: #ff0000;\">Vereinsangeln fallen aufgrund mangelnder Teilnahme im Jahr 2025 f\u00fcr das Jahr 2026 komplett aus!!!<\/span><\/strong><\/h2>\n<hr \/>\n<h2 align=\"left\"><strong><span style=\"color: #000000;\">Die Mitglieder die Arbeitseins\u00e4tze zu leisten haben,m\u00fcssen sich 3 Tage vor den Arbeitseins\u00e4tzen telefonisch bei den Arbeitswarten Marco Lange oder Carsten Krause anmelden,damit diese im Vorfeld organisiert und geplant werden k\u00f6nnen.<\/span><\/strong><\/h2>\n<h2 align=\"left\"><strong><span style=\"color: #000000;\">Die H\u00fctte ist w\u00e4hrend der Arbeitseins\u00e4tze freizuhalten!<br \/><\/span><\/strong><\/h2>\n<h2 align=\"left\"><strong><span style=\"color: #000000;\">Bei Erscheinen ohne Anmeldung kann der Arbeitswart die Teilnahme des Mitglieds verweigern!<\/span><\/strong><\/h2>\n<h2><strong><span style=\"color: #000000;\">Wir weisen darauf hin, da\u00df nicht geleistete Arbeitsstunden mit 20,00\u20ac pro Stunde in Rechnung gestellt werden!<\/span><\/strong><\/h2>\n<h2><strong><span style=\"color: #000000;\">Der Vorstand<\/span><\/strong><\/h2>\n<\/div>\n<\/p>\n<\/p>\n<\/p>\n<\/p>\n<\/p>\n<\/p>\n<\/p><\/p>\n<\/div><div class=\"fusion-clearfix\"><\/div>\n\n\t\t\t\t\t<\/div>\n\t\t\t\t<\/div><\/div><\/div>","protected":false},"excerpt":{"rendered":"","protected":false},"author":1,"featured_media":0,"parent":0,"menu_order":0,"comment_status":"closed","ping_status":"closed","template":"","meta":[],"_links":{"self":[{"href":"https:\/\/asv-brackel.de\/index.php?rest_route=\/wp\/v2\/pages\/35"}],"collection":[{"href":"https:\/\/asv-brackel.de\/index.php?rest_route=\/wp\/v2\/pages"}],"about":[{"href":"https:\/\/asv-brackel.de\/index.php?rest_route=\/wp\/v2\/types\/page"}],"author":[{"embeddable":true,"href":"https:\/\/asv-brackel.de\/index.php?rest_route=\/wp\/v2\/users\/1"}],"replies":[{"embeddable":true,"href":"https:\/\/asv-brackel.de\/index.php?rest_route=%2Fwp%2Fv2%2Fcomments&post=35"}],"version-history":[{"count":83,"href":"https:\/\/asv-brackel.de\/index.php?rest_route=\/wp\/v2\/pages\/35\/revisions"}],"predecessor-version":[{"id":343,"href":"https:\/\/asv-brackel.de\/index.php?rest_route=\/wp\/v2\/pages\/35\/revisions\/343"}],"wp:attachment":[{"href":"https:\/\/asv-brackel.de\/index.php?rest_route=%2Fwp%2Fv2%2Fmedia&parent=35"}],"curies":[{"name":"wp","href":"https:\/\/api.w.org\/{rel}","templated":true}]}}